{"id":404,"date":"2026-03-29T21:52:36","date_gmt":"2026-03-29T19:52:36","guid":{"rendered":"https:\/\/www.xn--hpfburg-lausitz-zvb.de\/huepfburgen\/?post_type=product&#038;p=404"},"modified":"2026-03-29T21:53:17","modified_gmt":"2026-03-29T19:53:17","slug":"vevor-elektrische-zuckerwattemaschine-1000-w","status":"publish","type":"product","link":"https:\/\/www.xn--hpfburg-lausitz-zvb.de\/huepfburgen\/product\/vevor-elektrische-zuckerwattemaschine-1000-w\/","title":{"rendered":"VEVOR Elektrische Zuckerwattemaschine 1000 W"},"content":{"rendered":"<p>VEVOR Elektrische Zuckerwattemaschine 1000 W, Kommerzielles Zuckerwatteger\u00e4t mit Edelstahlsch\u00fcssel, Zuckerschaufel und Schublade, Perfekt f\u00fcr Zuhause, Kindergeburtstag, Familienfeier, Rosa<\/p>\n","protected":false},"excerpt":{"rendered":"<p>VEVOR Elektrische Zuckerwattemaschine 1000 W, Kommerzielles Zuckerwatteger\u00e4t mit Edelstahlsch\u00fcssel, Zuckerschaufel und Schublade, Perfekt f\u00fcr Zuhause, Kindergeburtstag, Familienfeier, Rosa<\/p>\n","protected":false},"featured_media":405,"comment_status":"open","ping_status":"closed","template":"","meta":[],"product_brand":[],"product_cat":[25],"product_tag":[],"class_list":{"0":"post-404","1":"product","2":"type-product","3":"status-publish","4":"has-post-thumbnail","6":"product_cat-gastro","8":"first","9":"outofstock","10":"taxable","11":"shipping-taxable","12":"purchasable","13":"product-type-simple"},"jetpack_sharing_enabled":true,"_links":{"self":[{"href":"https:\/\/www.xn--hpfburg-lausitz-zvb.de\/huepfburgen\/wp-json\/wp\/v2\/product\/404","targetHints":{"allow":["GET"]}}],"collection":[{"href":"https:\/\/www.xn--hpfburg-lausitz-zvb.de\/huepfburgen\/wp-json\/wp\/v2\/product"}],"about":[{"href":"https:\/\/www.xn--hpfburg-lausitz-zvb.de\/huepfburgen\/wp-json\/wp\/v2\/types\/product"}],"replies":[{"embeddable":true,"href":"https:\/\/www.xn--hpfburg-lausitz-zvb.de\/huepfburgen\/wp-json\/wp\/v2\/comments?post=404"}],"wp:featuredmedia":[{"embeddable":true,"href":"https:\/\/www.xn--hpfburg-lausitz-zvb.de\/huepfburgen\/wp-json\/wp\/v2\/media\/405"}],"wp:attachment":[{"href":"https:\/\/www.xn--hpfburg-lausitz-zvb.de\/huepfburgen\/wp-json\/wp\/v2\/media?parent=404"}],"wp:term":[{"taxonomy":"product_brand","embeddable":true,"href":"https:\/\/www.xn--hpfburg-lausitz-zvb.de\/huepfburgen\/wp-json\/wp\/v2\/product_brand?post=404"},{"taxonomy":"product_cat","embeddable":true,"href":"https:\/\/www.xn--hpfburg-lausitz-zvb.de\/huepfburgen\/wp-json\/wp\/v2\/product_cat?post=404"},{"taxonomy":"product_tag","embeddable":true,"href":"https:\/\/www.xn--hpfburg-lausitz-zvb.de\/huepfburgen\/wp-json\/wp\/v2\/product_tag?post=404"}],"curies":[{"name":"wp","href":"https:\/\/api.w.org\/{rel}","templated":true}]}}